{"id":18181,"date":"2025-07-24T16:50:36","date_gmt":"2025-07-24T16:50:36","guid":{"rendered":"https:\/\/magicofdesert.com\/mentions-legales\/"},"modified":"2025-11-21T12:52:22","modified_gmt":"2025-11-21T12:52:22","slug":"mentions-legales","status":"publish","type":"page","link":"https:\/\/magicofdesert.com\/fr\/mentions-legales\/","title":{"rendered":"Mentions l\u00e9gales"},"content":{"rendered":"\t\t<div data-elementor-type=\"wp-page\" data-elementor-id=\"18181\" class=\"elementor elementor-18181 elementor-18069\" data-elementor-post-type=\"page\">\n\t\t\t\t\t\t<section class=\"elementor-section elementor-top-section elementor-element elementor-element-307efb9 travel-monster__search-section elementor-section-boxed elementor-section-height-default elementor-section-height-default\" data-id=\"307efb9\" data-element_type=\"section\" data-e-type=\"section\" data-settings=\"{&quot;background_background&quot;:&quot;classic&quot;}\">\n\t\t\t\t\t\t\t<div class=\"elementor-background-overlay\"><\/div>\n\t\t\t\t\t\t\t<div class=\"elementor-container elementor-column-gap-default\">\n\t\t\t\t\t<div class=\"elementor-column elementor-col-50 elementor-top-column elementor-element elementor-element-19a2ea7\" data-id=\"19a2ea7\" data-element_type=\"column\" data-e-type=\"column\">\n\t\t\t<div class=\"elementor-widget-wrap elementor-element-populated\">\n\t\t\t\t\t\t<div class=\"elementor-element elementor-element-a6a7cce --secondaryFontFamily elementor-widget elementor-widget-heading\" data-id=\"a6a7cce\" data-element_type=\"widget\" data-e-type=\"widget\" data-widget_type=\"heading.default\">\n\t\t\t\t\t<h1 class=\"elementor-heading-title elementor-size-default\">Mentions l\u00e9gales<\/h1>\t\t\t\t<\/div>\n\t\t\t\t\t<\/div>\n\t\t<\/div>\n\t\t\t\t<div class=\"elementor-column elementor-col-50 elementor-top-column elementor-element elementor-element-6280cb7\" data-id=\"6280cb7\" data-element_type=\"column\" data-e-type=\"column\">\n\t\t\t<div class=\"elementor-widget-wrap\">\n\t\t\t\t\t\t\t<\/div>\n\t\t<\/div>\n\t\t\t\t\t<\/div>\n\t\t<\/section>\n\t\t<div class=\"elementor-element elementor-element-d027fdd e-flex e-con-boxed e-con e-parent\" data-id=\"d027fdd\" data-element_type=\"container\" data-e-type=\"container\">\n\t\t\t\t\t<div class=\"e-con-inner\">\n\t\t\t\t<div class=\"elementor-element elementor-element-d641c76 elementor-widget elementor-widget-heading\" data-id=\"d641c76\" data-element_type=\"widget\" data-e-type=\"widget\" data-widget_type=\"heading.default\">\n\t\t\t\t\t<h2 class=\"elementor-heading-title elementor-size-default\">Responsable du contenu de ce site internet :<\/h2>\t\t\t\t<\/div>\n\t\t\t\t<div class=\"elementor-element elementor-element-d28b984 elementor-widget elementor-widget-text-editor\" data-id=\"d28b984\" data-element_type=\"widget\" data-e-type=\"widget\" data-widget_type=\"text-editor.default\">\n\t\t\t\t\t\t\t\t\t<p><strong data-start=\"2865\" data-end=\"2889\">Magic of Desert SARL<\/strong><br data-start=\"2889\" data-end=\"2892\" \/><strong>Si\u00e8ge social :<\/strong> <span>Eisenst\u00e4dter Stra\u00dfe 2, 70469 Stuttgart, Deutschland<\/span> \/ M&#8217;hamid El Ghizlane, Maroc<br data-start=\"2933\" data-end=\"2936\" \/><strong>T\u00e9l\u00e9phone :<\/strong> +49 15679 624565 \/ +212 674-602123<br data-start=\"2982\" data-end=\"2985\" \/><strong>E-mail :<\/strong> <a data-start=\"2994\" data-end=\"3019\" rel=\"noopener\">contact@magicofdesert.com<\/a><br data-start=\"3019\" data-end=\"3022\" \/><strong>Site internet :<\/strong> <a data-start=\"3038\" data-end=\"3091\" rel=\"noopener\" target=\"_new\" class=\"\" href=\"http:\/\/www.magicofdesert.com\">www.magicofdesert.com<\/a><br data-start=\"3091\" data-end=\"3094\" \/><strong>Repr\u00e9sent\u00e9 par :<\/strong> Karoline Riegger et Faisal Elgasmi<br data-start=\"3145\" data-end=\"3148\" \/><strong>Tribunal comp\u00e9tent :<\/strong> Maroc<\/p>\t\t\t\t\t\t\t\t<\/div>\n\t\t\t\t<div class=\"elementor-element elementor-element-8187421 elementor-widget elementor-widget-text-editor\" data-id=\"8187421\" data-element_type=\"widget\" data-e-type=\"widget\" data-widget_type=\"text-editor.default\">\n\t\t\t\t\t\t\t\t\t<p><span>Ce site web est actuellement exploit\u00e9 \u00e0 titre priv\u00e9. Apr\u00e8s la cr\u00e9ation de la SARL, les mentions l\u00e9gales seront adapt\u00e9es en cons\u00e9quence. <\/span><\/p>\t\t\t\t\t\t\t\t<\/div>\n\t\t\t\t\t<\/div>\n\t\t\t\t<\/div>\n\t\t\t\t<\/div>\n\t\t","protected":false},"excerpt":{"rendered":"<p>Mentions l\u00e9gales Responsable du contenu de ce site internet : Magic of Desert SARLSi\u00e8ge social : Eisenst\u00e4dter Stra\u00dfe 2, 70469&#8230;<\/p>\n","protected":false},"author":2,"featured_media":0,"parent":0,"menu_order":0,"comment_status":"closed","ping_status":"closed","template":"","meta":{"footnotes":""},"class_list":["post-18181","page","type-page","status-publish","hentry"],"_links":{"self":[{"href":"https:\/\/magicofdesert.com\/fr\/wp-json\/wp\/v2\/pages\/18181","targetHints":{"allow":["GET"]}}],"collection":[{"href":"https:\/\/magicofdesert.com\/fr\/wp-json\/wp\/v2\/pages"}],"about":[{"href":"https:\/\/magicofdesert.com\/fr\/wp-json\/wp\/v2\/types\/page"}],"author":[{"embeddable":true,"href":"https:\/\/magicofdesert.com\/fr\/wp-json\/wp\/v2\/users\/2"}],"replies":[{"embeddable":true,"href":"https:\/\/magicofdesert.com\/fr\/wp-json\/wp\/v2\/comments?post=18181"}],"version-history":[{"count":11,"href":"https:\/\/magicofdesert.com\/fr\/wp-json\/wp\/v2\/pages\/18181\/revisions"}],"predecessor-version":[{"id":18216,"href":"https:\/\/magicofdesert.com\/fr\/wp-json\/wp\/v2\/pages\/18181\/revisions\/18216"}],"wp:attachment":[{"href":"https:\/\/magicofdesert.com\/fr\/wp-json\/wp\/v2\/media?parent=18181"}],"curies":[{"name":"wp","href":"https:\/\/api.w.org\/{rel}","templated":true}]}}