{"id":4760,"date":"2024-06-29T11:02:29","date_gmt":"2024-06-29T11:02:29","guid":{"rendered":"https:\/\/dev24.kodesolution.com\/purerelax\/?page_id=4760"},"modified":"2025-11-21T13:25:26","modified_gmt":"2025-11-21T13:25:26","slug":"blog","status":"publish","type":"page","link":"https:\/\/magicofdesert.com\/fr\/blog\/","title":{"rendered":"Blog"},"content":{"rendered":"\t\t<div data-elementor-type=\"wp-page\" data-elementor-id=\"4760\" class=\"elementor elementor-4760\" data-elementor-post-type=\"page\">\n\t\t\t\t\t\t<section class=\"elementor-section elementor-top-section elementor-element elementor-element-82b9698 travel-monster__search-section elementor-section-boxed elementor-section-height-default elementor-section-height-default\" data-id=\"82b9698\" data-element_type=\"section\" data-e-type=\"section\" data-settings=\"{&quot;background_background&quot;:&quot;classic&quot;}\">\n\t\t\t\t\t\t\t<div class=\"elementor-background-overlay\"><\/div>\n\t\t\t\t\t\t\t<div class=\"elementor-container elementor-column-gap-default\">\n\t\t\t\t\t<div class=\"elementor-column elementor-col-50 elementor-top-column elementor-element elementor-element-181e359\" data-id=\"181e359\" data-element_type=\"column\" data-e-type=\"column\">\n\t\t\t<div class=\"elementor-widget-wrap elementor-element-populated\">\n\t\t\t\t\t\t<div class=\"elementor-element elementor-element-9ccbbf1 --secondaryFontFamily elementor-widget elementor-widget-heading\" data-id=\"9ccbbf1\" data-element_type=\"widget\" data-e-type=\"widget\" data-widget_type=\"heading.default\">\n\t\t\t\t\t<h1 class=\"elementor-heading-title elementor-size-default\">Les murmures du d\u00e9sert<\/h1>\t\t\t\t<\/div>\n\t\t\t\t<div class=\"elementor-element elementor-element-7f6ac57 elementor-widget elementor-widget-tm-ele-text-editor\" data-id=\"7f6ac57\" data-element_type=\"widget\" data-e-type=\"widget\" data-widget_type=\"tm-ele-text-editor.default\">\n\t\t\t\t<div class=\"elementor-widget-container\">\n\t\t\t\t\t\t\t<div class=\"tm-text-editor\">\r\n\t\t<div class=\"ds-message _63c77b1\"><div class=\"ds-markdown\"><p class=\"ds-markdown-paragraph\"><span>Laissez-vous inspirer par des histoires, des connaissances et des aper\u00e7us pr\u00e9cieux sur le Maroc et ses paysages fascinants. Que ce soit des villes anim\u00e9es, des d\u00e9serts infinis ou des particularit\u00e9s culturelles \u2013 nous partageons ici des informations utiles, des exp\u00e9riences et des contextes qui enrichiront votre voyage et approfondiront votre regard sur ce pays unique.<\/span><\/p><\/div><\/div>\t\t<\/div>\r\n\t\t\t\t\t<\/div>\n\t\t\t\t<\/div>\n\t\t\t\t\t<\/div>\n\t\t<\/div>\n\t\t\t\t<div class=\"elementor-column elementor-col-50 elementor-top-column elementor-element elementor-element-554027c\" data-id=\"554027c\" data-element_type=\"column\" data-e-type=\"column\">\n\t\t\t<div class=\"elementor-widget-wrap\">\n\t\t\t\t\t\t\t<\/div>\n\t\t<\/div>\n\t\t\t\t\t<\/div>\n\t\t<\/section>\n\t\t<div class=\"elementor-element elementor-element-0e21162 e-flex e-con-boxed e-con e-parent\" data-id=\"0e21162\" data-element_type=\"container\" data-e-type=\"container\">\n\t\t\t\t\t<div class=\"e-con-inner\">\n\t\t<div class=\"elementor-element elementor-element-e78418f e-con-full e-flex e-con e-child\" data-id=\"e78418f\" data-element_type=\"container\" data-e-type=\"container\">\n\t\t\t\t<div class=\"elementor-element elementor-element-5505ca7 elementor-widget elementor-widget-tm-ele-blog\" data-id=\"5505ca7\" data-element_type=\"widget\" data-e-type=\"widget\" data-widget_type=\"tm-ele-blog.skin-style-current-theme1\">\n\t\t\t\t<div class=\"elementor-widget-container\">\n\t\t\t\t\t\t<div class=\"tm-sc-blog tm-sc-blog-grid \">\r\n\t\t\r\n\t\t\t<!-- Isotope Filter -->\r\n\t<div class=\"isotope-layout-filter filter-style-4\" data-link-with=\"blog-holder-302512\">\r\n\t\t<a href=\"#\" class=\"active\" data-filter=\"*\">All<\/a>\r\n\t\t\t\t<a href=\"#marokko\" class=\"\" data-filter=\".marokko\">Marokko<\/a>\r\n\t\t\t\t<a href=\"#le-maroc\" class=\"\" data-filter=\".le-maroc\">Le Maroc<\/a>\r\n\t\t\t<\/div>\r\n\t<!-- End Isotope Filter -->\r\n\t\r\n\t\t<!-- Isotope Gallery Grid -->\r\n\t\t<div id=\"blog-holder-302512\" class=\"isotope-layout grid-3 gutter-10 clearfix\">\r\n\t\t\t<div class=\"isotope-layout-inner\">\r\n\r\n\t\t\t\t<!-- the loop -->\r\n\t\t\t\t\t\t\t\t\t\t\t\t\t\t\t\t<div class=\"isotope-item marokko\">\r\n\t\t\t\t\t<div class=\"isotope-item-inner \" data-wow-delay=\"\">\r\n\t\t\t\t\t\t<article class=\"post-15340 post type-post status-publish format-standard has-post-thumbnail hentry category-marokko\">\r\n\t<!-- News Block -->\r\n<div class=\"blog-item-current-style1\">\r\n  <div class=\"inner-box\">\r\n    <div class=\"entry-header\">\r\n      <div class=\"thumb\">\r\n        <div class=\"post-thumb lightgallery-lightbox\">\r\n\t\r\n\t<div class=\"post-thumb-inner\">\r\n\t\t<div class=\"thumb\">\r\n\t\t\t<img loading=\"lazy\" decoding=\"async\" src=\"https:\/\/magicofdesert.com\/wp-content\/uploads\/2024\/07\/marrakech-672x448.jpg\" width=\"672\" height=\"448\" alt=\"Marrakech\"\/>\r\n\t\t<\/div>\r\n\t<\/div>\r\n\t<\/div>        <div class=\"post-thumb lightgallery-lightbox\">\r\n\t\r\n\t<div class=\"post-thumb-inner\">\r\n\t\t<div class=\"thumb\">\r\n\t\t\t<img loading=\"lazy\" decoding=\"async\" src=\"https:\/\/magicofdesert.com\/wp-content\/uploads\/2024\/07\/marrakech-672x448.jpg\" width=\"672\" height=\"448\" alt=\"Marrakech\"\/>\r\n\t\t<\/div>\r\n\t<\/div>\r\n\t<\/div>      <\/div>\r\n\r\n              \t\t      <\/div>\r\n    <div class=\"entry-content\">\r\n\r\n              \t<ul class=\"entry-meta list-inline\">\r\n\t\t\t\t<li class=\"list-inline-item posted-date\"><i class=\"fa fa-calendar-o\"><\/i> <a href=\"https:\/\/magicofdesert.com\/fr\/marrakech\/\" rel=\"bookmark\"><time class=\"entry-date published updated\" datetime=\"2025-04-11T21:19:09+00:00\">avril 11, 2025<\/time><\/a><\/li>\r\n\t\t\t\t<li class=\"list-inline-item author\"><i class=\"fa fa-user-circle-o\"><\/i> <span class=\"byline\">By <span class=\"author vcard\"><a class=\"url fn n\" href=\"https:\/\/magicofdesert.com\/fr\/author\/magic-of-desert\/\" rel=\"author\">Magic of Desert<\/a><\/span><\/span><\/li>\r\n\t\t<\/ul>\r\n\t      \r\n              <h4 class=\"entry-title\"><a href=\"https:\/\/magicofdesert.com\/fr\/marrakech\/\" rel=\"bookmark\">Marrakech<\/a><\/h4>      \r\n              <div class=\"post-excerpt\">\r\n                      <div class=\"mascot-post-excerpt\">Marrakech est une ville des sens, un lieu vibrant, vivant, o\u00f9 tradition et modernit\u00e9 s\u2019entrelacent<\/div>                  <\/div>\r\n      \r\n              <div class=\"btn-view-details post-btn-readmore \">\r\n    <a href=\"https:\/\/magicofdesert.com\/fr\/marrakech\/\"\r\n      class=\"btn btn-theme-colored1\">\r\n      Lire plus    <\/a>\r\n<\/div>          <\/div>\r\n  <\/div>\r\n<\/div><\/article>\t\t\t\t\t<\/div>\r\n\t\t\t\t<\/div>\r\n\t\t\t\t\t\t\t\t\t\t\t\t\t\t\t\t<div class=\"isotope-item le-maroc\">\r\n\t\t\t\t\t<div class=\"isotope-item-inner \" data-wow-delay=\"\">\r\n\t\t\t\t\t\t<article class=\"post-15350 post type-post status-publish format-standard has-post-thumbnail hentry category-le-maroc\">\r\n\t<!-- News Block -->\r\n<div class=\"blog-item-current-style1\">\r\n  <div class=\"inner-box\">\r\n    <div class=\"entry-header\">\r\n      <div class=\"thumb\">\r\n        <div class=\"post-thumb lightgallery-lightbox\">\r\n\t\r\n\t<div class=\"post-thumb-inner\">\r\n\t\t<div class=\"thumb\">\r\n\t\t\t<img loading=\"lazy\" decoding=\"async\" src=\"https:\/\/magicofdesert.com\/wp-content\/uploads\/2024\/12\/morocco-672x448.jpg\" width=\"672\" height=\"448\" alt=\"Le charme du sud du Maroc\"\/>\r\n\t\t<\/div>\r\n\t<\/div>\r\n\t<\/div>        <div class=\"post-thumb lightgallery-lightbox\">\r\n\t\r\n\t<div class=\"post-thumb-inner\">\r\n\t\t<div class=\"thumb\">\r\n\t\t\t<img loading=\"lazy\" decoding=\"async\" src=\"https:\/\/magicofdesert.com\/wp-content\/uploads\/2024\/12\/morocco-672x448.jpg\" width=\"672\" height=\"448\" alt=\"Le charme du sud du Maroc\"\/>\r\n\t\t<\/div>\r\n\t<\/div>\r\n\t<\/div>      <\/div>\r\n\r\n              \t\t      <\/div>\r\n    <div class=\"entry-content\">\r\n\r\n              \t<ul class=\"entry-meta list-inline\">\r\n\t\t\t\t<li class=\"list-inline-item posted-date\"><i class=\"fa fa-calendar-o\"><\/i> <a href=\"https:\/\/magicofdesert.com\/fr\/le-charme-du-sud-du-maroc\/\" rel=\"bookmark\"><time class=\"entry-date published updated\" datetime=\"2025-04-01T20:27:46+00:00\">avril 1, 2025<\/time><\/a><\/li>\r\n\t\t\t\t<li class=\"list-inline-item author\"><i class=\"fa fa-user-circle-o\"><\/i> <span class=\"byline\">By <span class=\"author vcard\"><a class=\"url fn n\" href=\"https:\/\/magicofdesert.com\/fr\/author\/magic-of-desert\/\" rel=\"author\">Magic of Desert<\/a><\/span><\/span><\/li>\r\n\t\t<\/ul>\r\n\t      \r\n              <h4 class=\"entry-title\"><a href=\"https:\/\/magicofdesert.com\/fr\/le-charme-du-sud-du-maroc\/\" rel=\"bookmark\">Le charme du sud du Maroc<\/a><\/h4>      \r\n              <div class=\"post-excerpt\">\r\n                      <div class=\"mascot-post-excerpt\">Le sud du Maroc est une r\u00e9gion pleine de contrastes, de magie et de beaut\u00e9<\/div>                  <\/div>\r\n      \r\n              <div class=\"btn-view-details post-btn-readmore \">\r\n    <a href=\"https:\/\/magicofdesert.com\/fr\/le-charme-du-sud-du-maroc\/\"\r\n      class=\"btn btn-theme-colored1\">\r\n      Lire plus    <\/a>\r\n<\/div>          <\/div>\r\n  <\/div>\r\n<\/div><\/article>\t\t\t\t\t<\/div>\r\n\t\t\t\t<\/div>\r\n\t\t\t\t\t\t\t\t\t\t\t\t\t\t\t\t<div class=\"isotope-item marokko\">\r\n\t\t\t\t\t<div class=\"isotope-item-inner \" data-wow-delay=\"\">\r\n\t\t\t\t\t\t<article class=\"post-15351 post type-post status-publish format-standard has-post-thumbnail hentry category-marokko\">\r\n\t<!-- News Block -->\r\n<div class=\"blog-item-current-style1\">\r\n  <div class=\"inner-box\">\r\n    <div class=\"entry-header\">\r\n      <div class=\"thumb\">\r\n        <div class=\"post-thumb lightgallery-lightbox\">\r\n\t\r\n\t<div class=\"post-thumb-inner\">\r\n\t\t<div class=\"thumb\">\r\n\t\t\t<img loading=\"lazy\" decoding=\"async\" src=\"https:\/\/magicofdesert.com\/wp-content\/uploads\/2024\/07\/camping-night-672x448.jpg\" width=\"672\" height=\"448\" alt=\"Le monde du d\u00e9sert\"\/>\r\n\t\t<\/div>\r\n\t<\/div>\r\n\t<\/div>        <div class=\"post-thumb lightgallery-lightbox\">\r\n\t\r\n\t<div class=\"post-thumb-inner\">\r\n\t\t<div class=\"thumb\">\r\n\t\t\t<img loading=\"lazy\" decoding=\"async\" src=\"https:\/\/magicofdesert.com\/wp-content\/uploads\/2024\/07\/camping-night-672x448.jpg\" width=\"672\" height=\"448\" alt=\"Le monde du d\u00e9sert\"\/>\r\n\t\t<\/div>\r\n\t<\/div>\r\n\t<\/div>      <\/div>\r\n\r\n              \t\t      <\/div>\r\n    <div class=\"entry-content\">\r\n\r\n              \t<ul class=\"entry-meta list-inline\">\r\n\t\t\t\t<li class=\"list-inline-item posted-date\"><i class=\"fa fa-calendar-o\"><\/i> <a href=\"https:\/\/magicofdesert.com\/fr\/le-monde-du-desert\/\" rel=\"bookmark\"><time class=\"entry-date published updated\" datetime=\"2025-03-24T11:07:32+00:00\">mars 24, 2025<\/time><\/a><\/li>\r\n\t\t\t\t<li class=\"list-inline-item author\"><i class=\"fa fa-user-circle-o\"><\/i> <span class=\"byline\">By <span class=\"author vcard\"><a class=\"url fn n\" href=\"https:\/\/magicofdesert.com\/fr\/author\/magic-of-desert\/\" rel=\"author\">Magic of Desert<\/a><\/span><\/span><\/li>\r\n\t\t<\/ul>\r\n\t      \r\n              <h4 class=\"entry-title\"><a href=\"https:\/\/magicofdesert.com\/fr\/le-monde-du-desert\/\" rel=\"bookmark\">Le monde du d\u00e9sert<\/a><\/h4>      \r\n              <div class=\"post-excerpt\">\r\n                      <div class=\"mascot-post-excerpt\">Le d\u00e9sert marocain est un lieu envo\u00fbtant \u2013 une mer infinie de dunes, une tranquillit\u00e9<\/div>                  <\/div>\r\n      \r\n              <div class=\"btn-view-details post-btn-readmore \">\r\n    <a href=\"https:\/\/magicofdesert.com\/fr\/le-monde-du-desert\/\"\r\n      class=\"btn btn-theme-colored1\">\r\n      Lire plus    <\/a>\r\n<\/div>          <\/div>\r\n  <\/div>\r\n<\/div><\/article>\t\t\t\t\t<\/div>\r\n\t\t\t\t<\/div>\r\n\t\t\t\t\t\t\t\t\t\t\t\t\t\t\t\t<div class=\"isotope-item marokko\">\r\n\t\t\t\t\t<div class=\"isotope-item-inner \" data-wow-delay=\"\">\r\n\t\t\t\t\t\t<article class=\"post-15352 post type-post status-publish format-standard has-post-thumbnail hentry category-marokko\">\r\n\t<!-- News Block -->\r\n<div class=\"blog-item-current-style1\">\r\n  <div class=\"inner-box\">\r\n    <div class=\"entry-header\">\r\n      <div class=\"thumb\">\r\n        <div class=\"post-thumb lightgallery-lightbox\">\r\n\t\r\n\t<div class=\"post-thumb-inner\">\r\n\t\t<div class=\"thumb\">\r\n\t\t\t<img loading=\"lazy\" decoding=\"async\" src=\"https:\/\/magicofdesert.com\/wp-content\/uploads\/2024\/07\/morokko-672x448.jpg\" width=\"672\" height=\"448\" alt=\"Le Maroc\"\/>\r\n\t\t<\/div>\r\n\t<\/div>\r\n\t<\/div>        <div class=\"post-thumb lightgallery-lightbox\">\r\n\t\r\n\t<div class=\"post-thumb-inner\">\r\n\t\t<div class=\"thumb\">\r\n\t\t\t<img loading=\"lazy\" decoding=\"async\" src=\"https:\/\/magicofdesert.com\/wp-content\/uploads\/2024\/07\/morokko-672x448.jpg\" width=\"672\" height=\"448\" alt=\"Le Maroc\"\/>\r\n\t\t<\/div>\r\n\t<\/div>\r\n\t<\/div>      <\/div>\r\n\r\n              \t\t      <\/div>\r\n    <div class=\"entry-content\">\r\n\r\n              \t<ul class=\"entry-meta list-inline\">\r\n\t\t\t\t<li class=\"list-inline-item posted-date\"><i class=\"fa fa-calendar-o\"><\/i> <a href=\"https:\/\/magicofdesert.com\/fr\/maroc\/\" rel=\"bookmark\"><time class=\"entry-date published updated\" datetime=\"2025-03-19T10:59:42+00:00\">mars 19, 2025<\/time><\/a><\/li>\r\n\t\t\t\t<li class=\"list-inline-item author\"><i class=\"fa fa-user-circle-o\"><\/i> <span class=\"byline\">By <span class=\"author vcard\"><a class=\"url fn n\" href=\"https:\/\/magicofdesert.com\/fr\/author\/magic-of-desert\/\" rel=\"author\">Magic of Desert<\/a><\/span><\/span><\/li>\r\n\t\t<\/ul>\r\n\t      \r\n              <h4 class=\"entry-title\"><a href=\"https:\/\/magicofdesert.com\/fr\/maroc\/\" rel=\"bookmark\">Le Maroc<\/a><\/h4>      \r\n              <div class=\"post-excerpt\">\r\n                      <div class=\"mascot-post-excerpt\">Le Maroc \u2013 un pays qui enchante avec toutes ses facettes et captive les voyageurs.<\/div>                  <\/div>\r\n      \r\n              <div class=\"btn-view-details post-btn-readmore \">\r\n    <a href=\"https:\/\/magicofdesert.com\/fr\/maroc\/\"\r\n      class=\"btn btn-theme-colored1\">\r\n      Lire plus    <\/a>\r\n<\/div>          <\/div>\r\n  <\/div>\r\n<\/div><\/article>\t\t\t\t\t<\/div>\r\n\t\t\t\t<\/div>\r\n\t\t\t\t\t\t\t\t<!-- end of the loop -->\r\n\t\t\t<\/div>\r\n\t\t<\/div>\r\n\t\t\t<\/div>\r\n\r\n\r\n\t\t\t\t<\/div>\n\t\t\t\t<\/div>\n\t\t\t\t<\/div>\n\t\t\t\t\t<\/div>\n\t\t\t\t<\/div>\n\t\t\t\t<\/div>\n\t\t","protected":false},"excerpt":{"rendered":"<p>Les murmures du d\u00e9sert Laissez-vous inspirer par des histoires, des connaissances et des aper\u00e7us pr\u00e9cieux sur le Maroc et ses&#8230;<\/p>\n","protected":false},"author":2,"featured_media":0,"parent":0,"menu_order":0,"comment_status":"closed","ping_status":"closed","template":"","meta":{"footnotes":""},"class_list":["post-4760","page","type-page","status-publish","hentry"],"_links":{"self":[{"href":"https:\/\/magicofdesert.com\/fr\/wp-json\/wp\/v2\/pages\/4760","targetHints":{"allow":["GET"]}}],"collection":[{"href":"https:\/\/magicofdesert.com\/fr\/wp-json\/wp\/v2\/pages"}],"about":[{"href":"https:\/\/magicofdesert.com\/fr\/wp-json\/wp\/v2\/types\/page"}],"author":[{"embeddable":true,"href":"https:\/\/magicofdesert.com\/fr\/wp-json\/wp\/v2\/users\/2"}],"replies":[{"embeddable":true,"href":"https:\/\/magicofdesert.com\/fr\/wp-json\/wp\/v2\/comments?post=4760"}],"version-history":[{"count":36,"href":"https:\/\/magicofdesert.com\/fr\/wp-json\/wp\/v2\/pages\/4760\/revisions"}],"predecessor-version":[{"id":18250,"href":"https:\/\/magicofdesert.com\/fr\/wp-json\/wp\/v2\/pages\/4760\/revisions\/18250"}],"wp:attachment":[{"href":"https:\/\/magicofdesert.com\/fr\/wp-json\/wp\/v2\/media?parent=4760"}],"curies":[{"name":"wp","href":"https:\/\/api.w.org\/{rel}","templated":true}]}}